{"id":10,"date":"2024-04-11T21:12:05","date_gmt":"2024-04-12T00:12:05","guid":{"rendered":"https:\/\/consultorio.med.br\/?page_id=10"},"modified":"2026-04-21T22:32:14","modified_gmt":"2026-04-22T01:32:14","slug":"services","status":"publish","type":"page","link":"https:\/\/consultorio.med.br\/?page_id=10","title":{"rendered":"Servi\u00e7os"},"content":{"rendered":"\n<div class=\"wp-block-group is-layout-flow wp-block-group-is-layout-flow\">\n<h1 class=\"wp-block-heading has-text-align-center\"><strong>Sa\u00fade Feminina<\/strong><\/h1>\n\n\n\n<p class=\"has-text-align-center\">Viva plenamente<\/p>\n\n\n\n<p class=\"has-text-align-center\"><br><\/p>\n\n\n\n<hr class=\"wp-block-separator has-text-color has-main-color has-alpha-channel-opacity has-main-background-color has-background center mt-2\"\/>\n\n\n\n<div class=\"wp-block-columns  cols-single-sm gap-30 pt-3 pb-2 is-layout-flex wp-container-core-columns-is-layout-9d6595d7 wp-block-columns-is-layout-flex\">\n<div class=\"wp-block-column is-layout-flow wp-block-column-is-layout-flow\">\n<figure class=\"wp-block-image aligncenter size-large is-resized\"><img decoding=\"async\" src=\"https:\/\/consultorio.med.br\/wp-content\/themes\/exs\/assets\/img\/icon.png\" alt=\"\" class=\"wp-image-270\" style=\"width:75px;height:75px\"\/><\/figure>\n\n\n\n<h4 class=\"wp-block-heading has-text-align-center mt-0 mb-05\"><strong>Reprodu\u00e7\u00e3o Assistida<\/strong><\/h4>\n\n\n\n<p class=\"has-text-align-center mb-05\">A reprodu\u00e7\u00e3o assistida refere-se a uma s\u00e9rie de t\u00e9cnicas m\u00e9dicas e cient\u00edficas utilizadas para auxiliar casais ou indiv\u00edduos a conceberem uma crian\u00e7a quando eles t\u00eam dificuldades para engravidar de forma natural.<\/p>\n\n\n\n<div class=\"wp-block-buttons is-content-justification-center is-layout-flex wp-container-core-buttons-is-layout-16018d1d wp-block-buttons-is-layout-flex\">\n<div class=\"wp-block-button is-style-arrow-transparent\"><a class=\"wp-block-button__link wp-element-button\" href=\"https:\/\/consultorio.med.br\/?page_id=102\">Saiba mais<\/a><\/div>\n<\/div>\n<\/div>\n\n\n\n<div class=\"wp-block-column is-layout-flow wp-block-column-is-layout-flow\">\n<figure class=\"wp-block-image aligncenter size-large is-resized\"><img decoding=\"async\" src=\"https:\/\/consultorio.med.br\/wp-content\/themes\/exs\/assets\/img\/bulb-outline.png\" alt=\"\" class=\"wp-image-479\" style=\"width:75px;height:75px\"\/><\/figure>\n\n\n\n<h4 class=\"wp-block-heading has-text-align-center mt-0 mb-05\"><strong>Medicina Fetal<\/strong><\/h4>\n\n\n\n<p class=\"has-text-align-center mb-05\">A medicina fetal \u00e9 uma especialidade m\u00e9dica que se concentra no diagn\u00f3stico e tratamento de problemas de sa\u00fade que afetam o feto durante a gesta\u00e7\u00e3o.<\/p>\n\n\n\n<div class=\"wp-block-buttons is-content-justification-center is-layout-flex wp-container-core-buttons-is-layout-16018d1d wp-block-buttons-is-layout-flex\">\n<div class=\"wp-block-button is-style-arrow-transparent\"><a class=\"wp-block-button__link wp-element-button\" href=\"https:\/\/consultorio.med.br\/?page_id=106\">Saiba mais<\/a><\/div>\n<\/div>\n<\/div>\n\n\n\n<div class=\"wp-block-column is-layout-flow wp-block-column-is-layout-flow\">\n<figure class=\"wp-block-image aligncenter size-large is-resized is-style-default\"><img decoding=\"async\" src=\"https:\/\/consultorio.med.br\/wp-content\/themes\/exs\/assets\/img\/color-wand-outline.png\" alt=\"\" class=\"wp-image-480\" style=\"width:75px;height:75px\"\/><\/figure>\n\n\n\n<h4 class=\"wp-block-heading has-text-align-center mt-0 mb-05\"><strong>Histeroscopia<\/strong><\/h4>\n\n\n\n<p class=\"has-text-align-center mb-05\">A histeroscopia \u00e9 um procedimento m\u00e9dico utilizado para examinar o interior do \u00fatero.<\/p>\n\n\n\n<div class=\"wp-block-buttons is-content-justification-center is-layout-flex wp-container-core-buttons-is-layout-16018d1d wp-block-buttons-is-layout-flex\">\n<div class=\"wp-block-button is-style-arrow-transparent\"><a class=\"wp-block-button__link wp-element-button\" href=\"https:\/\/consultorio.med.br\/?page_id=110\">Saiba mais<\/a><\/div>\n<\/div>\n<\/div>\n<\/div>\n\n\n\n<div class=\"wp-block-columns  cols-single-sm gap-30 pb-6 pt-3 is-layout-flex wp-container-core-columns-is-layout-9d6595d7 wp-block-columns-is-layout-flex\">\n<div class=\"wp-block-column is-layout-flow wp-block-column-is-layout-flow\">\n<figure class=\"wp-block-image aligncenter size-large is-resized is-style-default\"><img decoding=\"async\" src=\"https:\/\/consultorio.med.br\/wp-content\/themes\/exs\/assets\/img\/help-buoy.png\" alt=\"\" class=\"wp-image-487\" style=\"width:75px;height:75px\"\/><\/figure>\n\n\n\n<h4 class=\"wp-block-heading has-text-align-center mt-0 mb-05\"><strong>Ginecologia<\/strong><\/h4>\n\n\n\n<p class=\"has-text-align-center mb-05\">A ginecologia \u00e9 a especialidade m\u00e9dica que se dedica ao estudo, diagn\u00f3stico e tratamento das condi\u00e7\u00f5es relacionadas \u00e0 sa\u00fade reprodutiva feminina, especialmente aquelas relacionadas aos \u00f3rg\u00e3os genitais femininos, como \u00fatero, ov\u00e1rios, trompas de fal\u00f3pio, vagina e vulva.&nbsp;<\/p>\n\n\n\n<div class=\"wp-block-buttons is-content-justification-center is-layout-flex wp-container-core-buttons-is-layout-16018d1d wp-block-buttons-is-layout-flex\">\n<div class=\"wp-block-button is-style-arrow-transparent\"><a class=\"wp-block-button__link wp-element-button\" href=\"https:\/\/consultorio.med.br\/?page_id=117\">Saiba mais<\/a><\/div>\n<\/div>\n<\/div>\n\n\n\n<div class=\"wp-block-column is-layout-flow wp-block-column-is-layout-flow\">\n<figure class=\"wp-block-image aligncenter size-large is-resized\"><img decoding=\"async\" src=\"https:\/\/consultorio.med.br\/wp-content\/themes\/exs\/assets\/img\/icon.png\" alt=\"\" class=\"wp-image-270\" style=\"width:75px;height:75px\"\/><\/figure>\n\n\n\n<h4 class=\"wp-block-heading has-text-align-center mt-0 mb-05\"><strong>Obstetr\u00edcia<\/strong><\/h4>\n\n\n\n<p class=\"has-text-align-center mb-05\">A obstetr\u00edcia \u00e9 a especialidade m\u00e9dica dedicada \u00e0 sa\u00fade da mulher durante a gravidez, parto e p\u00f3s-parto.<\/p>\n\n\n\n<div class=\"wp-block-buttons is-content-justification-center is-layout-flex wp-container-core-buttons-is-layout-16018d1d wp-block-buttons-is-layout-flex\">\n<div class=\"wp-block-button is-style-arrow-transparent\"><a class=\"wp-block-button__link wp-element-button\" href=\"https:\/\/consultorio.med.br\/?page_id=121\">Saiba mais<\/a><\/div>\n<\/div>\n<\/div>\n\n\n\n<div class=\"wp-block-column is-layout-flow wp-block-column-is-layout-flow\">\n<figure class=\"wp-block-image aligncenter size-large is-resized is-style-default\"><img decoding=\"async\" src=\"https:\/\/consultorio.med.br\/wp-content\/themes\/exs\/assets\/img\/color-wand-outline.png\" alt=\"\" class=\"wp-image-480\" style=\"width:75px;height:75px\"\/><\/figure>\n\n\n\n<h4 class=\"wp-block-heading has-text-align-center mt-0 mb-05\"><strong>Mapeamento de Endometriose<\/strong><\/h4>\n\n\n\n<p class=\"has-text-align-center mb-05\">O que \u00e9 o Mapeamento de Endometriose?&nbsp;Diferente de uma RM de abd\u00f4men\/pelve padr\u00e3o, o mapeamento \u00e9 uma resson\u00e2ncia magn\u00e9tica especializada. Usa protocolos otimizados, como sequ\u00eancias de alta resolu\u00e7\u00e3o (T2 com fat-suppression), difus\u00e3o e contraste din\u00e2mico, focados exclusivamente na endometriose. \u00c9 realizado por radiologistas treinados, com foco em les\u00f5es superficiais, profundas e ovarianas.<\/p>\n\n\n\n<div class=\"wp-block-buttons is-content-justification-center is-layout-flex wp-container-core-buttons-is-layout-16018d1d wp-block-buttons-is-layout-flex\">\n<div class=\"wp-block-button is-style-arrow-transparent\"><a class=\"wp-block-button__link wp-element-button\" href=\"https:\/\/consultorio.med.br\/?page_id=295\">Saiba mais<\/a><\/div>\n<\/div>\n<\/div>\n<\/div>\n<\/div>\n\n\n\n<hr class=\"wp-block-separator alignfull has-alpha-channel-opacity\"\/>\n\n\n\n<div class=\"wp-block-group  pt-5 pb-3 is-layout-flow wp-block-group-is-layout-flow\">\n<h2 class=\"wp-block-heading has-text-align-center mb-05\">Avan\u00e7os na Sa\u00fade Feminina<\/h2>\n\n\n\n<p class=\"has-text-align-center has-normal-font-size\">Veja aqui como a medicina e a tecnologia se interagem para proporcionar uma vida mais plena e saud\u00e1vel para mulher.<\/p>\n\n\n\n<hr class=\"wp-block-separator has-css-opacity center mt-2\"\/>\n<\/div>\n\n\n\n<div class=\"wp-block-columns pt-1 pb-1 is-layout-flex wp-container-core-columns-is-layout-9d6595d7 wp-block-columns-is-layout-flex\">\n<div class=\"wp-block-column is-layout-flow wp-block-column-is-layout-flow\">\n<div class=\"wp-block-columns is-not-stacked-on-mobile gap-15 is-layout-flex wp-container-core-columns-is-layout-9d6595d7 wp-block-columns-is-layout-flex\">\n<div class=\"wp-block-column is-layout-flow wp-block-column-is-layout-flow\" style=\"flex-basis:40px\">\n<h4 class=\"wp-block-heading is-style-circle-bg has-normal-font-size\"><mark style=\"background-color:var(--colorMain)\" class=\"has-inline-color has-light-color\">?<\/mark><\/h4>\n<\/div>\n\n\n\n<div class=\"wp-block-column is-layout-flow wp-block-column-is-layout-flow\">\n<h4 class=\"wp-block-heading\" style=\"margin-bottom:0.5em\">Obstetr\u00edcia e seus avan\u00e7os<\/h4>\n\n\n\n<p>A obstetr\u00edcia, como campo da medicina dedicado \u00e0 sa\u00fade materna e fetal durante a gravidez, parto e p\u00f3s-parto, tem experimentado uma s\u00e9rie de avan\u00e7os significativos ao longo das \u00faltimas d\u00e9cadas<\/p>\n<\/div>\n<\/div>\n<\/div>\n\n\n\n<div class=\"wp-block-column is-layout-flow wp-block-column-is-layout-flow\">\n<div class=\"wp-block-columns is-not-stacked-on-mobile gap-15 is-layout-flex wp-container-core-columns-is-layout-9d6595d7 wp-block-columns-is-layout-flex\">\n<div class=\"wp-block-column is-layout-flow wp-block-column-is-layout-flow\" style=\"flex-basis:40px\">\n<h4 class=\"wp-block-heading is-style-circle-bg has-normal-font-size\"><mark style=\"background-color:var(--colorMain)\" class=\"has-inline-color has-light-color\">?<\/mark><\/h4>\n<\/div>\n\n\n\n<div class=\"wp-block-column is-layout-flow wp-block-column-is-layout-flow\">\n<h4 class=\"wp-block-heading\" style=\"margin-bottom:0.5em\">Reprodu\u00e7\u00e3o assistida<\/h4>\n\n\n\n<p>A reprodu\u00e7\u00e3o assistida \u00e9 uma \u00e1rea da medicina que ajuda casais ou indiv\u00edduos a conceberem quando enfrentam dificuldades devido a problemas de fertilidade. Ao longo das \u00faltimas d\u00e9cadas, essa \u00e1rea tem testemunhado avan\u00e7os significativos em v\u00e1rias frentes, contribuindo para aumentar as taxas de sucesso e oferecer mais op\u00e7\u00f5es aos pacientes.<\/p>\n<\/div>\n<\/div>\n<\/div>\n\n\n\n<div class=\"wp-block-column is-layout-flow wp-block-column-is-layout-flow\">\n<div class=\"wp-block-columns is-not-stacked-on-mobile gap-15 is-layout-flex wp-container-core-columns-is-layout-9d6595d7 wp-block-columns-is-layout-flex\">\n<div class=\"wp-block-column is-layout-flow wp-block-column-is-layout-flow\" style=\"flex-basis:40px\">\n<h4 class=\"wp-block-heading is-style-circle-bg has-normal-font-size\"><mark style=\"background-color:var(--colorMain)\" class=\"has-inline-color has-light-color\">?<\/mark><\/h4>\n<\/div>\n\n\n\n<div class=\"wp-block-column is-layout-flow wp-block-column-is-layout-flow\">\n<h4 class=\"wp-block-heading\" style=\"margin-bottom:0.5em\">Medicina Fetal e sua import\u00e2ncia<\/h4>\n\n\n\n<p>A Medicina Fetal \u00e9 uma subespecialidade da obstetr\u00edcia que se concentra no diagn\u00f3stico e tratamento de problemas m\u00e9dicos que afetam o feto durante a gravidez<\/p>\n<\/div>\n<\/div>\n<\/div>\n<\/div>\n\n\n\n<div class=\"wp-block-columns pt-1 pb-1 is-layout-flex wp-container-core-columns-is-layout-9d6595d7 wp-block-columns-is-layout-flex\">\n<div class=\"wp-block-column is-layout-flow wp-block-column-is-layout-flow\">\n<div class=\"wp-block-columns is-not-stacked-on-mobile gap-15 is-layout-flex wp-container-core-columns-is-layout-9d6595d7 wp-block-columns-is-layout-flex\">\n<div class=\"wp-block-column is-layout-flow wp-block-column-is-layout-flow\" style=\"flex-basis:40px\">\n<h4 class=\"wp-block-heading is-style-circle-bg has-normal-font-size\"><mark style=\"background-color:var(--colorMain)\" class=\"has-inline-color has-light-color\">?<\/mark><\/h4>\n<\/div>\n\n\n\n<div class=\"wp-block-column is-layout-flow wp-block-column-is-layout-flow\">\n<h4 class=\"wp-block-heading\" style=\"margin-bottom:0.5em\">Ginecologia e seus avan\u00e7os<\/h4>\n\n\n\n<p>A ginecologia \u00e9 uma \u00e1rea da medicina dedicada ao cuidado da sa\u00fade da mulher, especialmente do sistema reprodutivo feminino. Ao longo das \u00faltimas d\u00e9cadas, houve uma s\u00e9rie de avan\u00e7os significativos na ginecologia, proporcionando melhores cuidados e tratamentos para as pacientes.<\/p>\n<\/div>\n<\/div>\n<\/div>\n\n\n\n<div class=\"wp-block-column is-layout-flow wp-block-column-is-layout-flow\">\n<div class=\"wp-block-columns is-not-stacked-on-mobile gap-15 is-layout-flex wp-container-core-columns-is-layout-9d6595d7 wp-block-columns-is-layout-flex\">\n<div class=\"wp-block-column is-layout-flow wp-block-column-is-layout-flow\" style=\"flex-basis:40px\">\n<h4 class=\"wp-block-heading is-style-circle-bg has-normal-font-size\"><mark style=\"background-color:var(--colorMain)\" class=\"has-inline-color has-light-color\">?<\/mark><\/h4>\n<\/div>\n\n\n\n<div class=\"wp-block-column is-layout-flow wp-block-column-is-layout-flow\">\n<h4 class=\"wp-block-heading\" style=\"margin-bottom:0.5em\">Ultrassonografia e sua import\u00e2ncia<\/h4>\n\n\n\n<p>A ultrassonografia, tamb\u00e9m conhecida como ultrassom ou ecografia, \u00e9 uma t\u00e9cnica de imagem n\u00e3o invasiva que utiliza ondas sonoras de alta frequ\u00eancia para produzir imagens em tempo real do interior do corpo. A ultrassonografia \u00e9 amplamente utilizada em medicina, e sua import\u00e2ncia \u00e9 significativa em v\u00e1rias \u00e1reas, incluindo obstetr\u00edcia, ginecologia, radiologia, cardiologia, gastroenterologia, urologia e muitas outras.<\/p>\n<\/div>\n<\/div>\n<\/div>\n\n\n\n<div class=\"wp-block-column is-layout-flow wp-block-column-is-layout-flow\">\n<div class=\"wp-block-columns is-not-stacked-on-mobile gap-15 is-layout-flex wp-container-core-columns-is-layout-9d6595d7 wp-block-columns-is-layout-flex\">\n<div class=\"wp-block-column is-layout-flow wp-block-column-is-layout-flow\" style=\"flex-basis:40px\">\n<h4 class=\"wp-block-heading is-style-circle-bg has-normal-font-size\"><mark style=\"background-color:var(--colorMain)\" class=\"has-inline-color has-light-color\">?<\/mark><\/h4>\n<\/div>\n\n\n\n<div class=\"wp-block-column is-layout-flow wp-block-column-is-layout-flow\">\n<h4 class=\"wp-block-heading\" style=\"margin-bottom:0.5em\">Histeroscopia e sua import\u00e2ncia<\/h4>\n\n\n\n<p>A histeroscopia \u00e9 um procedimento m\u00e9dico minimamente invasivo que permite a visualiza\u00e7\u00e3o direta do interior do \u00fatero (cavidade uterina) usando um instrumento chamado histerosc\u00f3pio.<\/p>\n<\/div>\n<\/div>\n<\/div>\n<\/div>\n\n\n\n<div class=\"wp-block-buttons is-layout-flex wp-block-buttons-is-layout-flex\">\n<div class=\"wp-block-button\"><a class=\"wp-block-button__link wp-element-button\" href=\"https:\/\/consultorio.med.br\">P\u00e1gina Principal<\/a><\/div>\n<\/div>\n","protected":false},"excerpt":{"rendered":"<p>Sa\u00fade Feminina Viva plenamente Reprodu\u00e7\u00e3o Assistida A reprodu\u00e7\u00e3o assistida refere-se a uma s\u00e9rie de t\u00e9cnicas m\u00e9dicas e cient\u00edficas utilizadas para auxiliar casais ou indiv\u00edduos a conceberem uma crian\u00e7a quando eles t\u00eam dificuldades para engravidar de forma natural. Medicina Fetal A medicina fetal \u00e9 uma especialidade m\u00e9dica que se concentra no diagn\u00f3stico e tratamento de problemas de sa\u00fade que afetam o<span class=\"more-dots\">&#8230;<\/span><\/p>\n","protected":false},"author":1,"featured_media":0,"parent":0,"menu_order":0,"comment_status":"closed","ping_status":"closed","template":"","meta":{"footnotes":""},"class_list":["post-10","page","type-page","status-publish","hentry","no-post-thumbnail"],"yoast_head":"<!-- This site is optimized with the Yoast SEO plugin v27.6 - https:\/\/yoast.com\/product\/yoast-seo-wordpress\/ -->\n<title>Servi\u00e7os - Consult\u00f3rio Sa\u00fade Feminina<\/title>\n<meta name=\"robots\" content=\"index, follow, max-snippet:-1, max-image-preview:large, max-video-preview:-1\" \/>\n<link rel=\"canonical\" href=\"https:\/\/consultorio.med.br\/?page_id=10\" \/>\n<meta property=\"og:locale\" content=\"pt_BR\" \/>\n<meta property=\"og:type\" content=\"article\" \/>\n<meta property=\"og:title\" content=\"Servi\u00e7os - Consult\u00f3rio Sa\u00fade Feminina\" \/>\n<meta property=\"og:description\" content=\"Sa\u00fade Feminina Viva plenamente Reprodu\u00e7\u00e3o Assistida A reprodu\u00e7\u00e3o assistida refere-se a uma s\u00e9rie de t\u00e9cnicas m\u00e9dicas e cient\u00edficas utilizadas para auxiliar casais ou indiv\u00edduos a conceberem uma crian\u00e7a quando eles t\u00eam dificuldades para engravidar de forma natural. Medicina Fetal A medicina fetal \u00e9 uma especialidade m\u00e9dica que se concentra no diagn\u00f3stico e tratamento de problemas de sa\u00fade que afetam o...\" \/>\n<meta property=\"og:url\" content=\"https:\/\/consultorio.med.br\/?page_id=10\" \/>\n<meta property=\"og:site_name\" content=\"Consult\u00f3rio Sa\u00fade Feminina\" \/>\n<meta property=\"article:publisher\" content=\"https:\/\/www.facebook.com\/Consultorioconceito\" \/>\n<meta property=\"article:modified_time\" content=\"2026-04-22T01:32:14+00:00\" \/>\n<meta name=\"twitter:card\" content=\"summary_large_image\" \/>\n<meta name=\"twitter:label1\" content=\"Est. tempo de leitura\" \/>\n\t<meta name=\"twitter:data1\" content=\"4 minutos\" \/>\n<script type=\"application\/ld+json\" class=\"yoast-schema-graph\">{\"@context\":\"https:\\\/\\\/schema.org\",\"@graph\":[{\"@type\":\"WebPage\",\"@id\":\"https:\\\/\\\/consultorio.med.br\\\/?page_id=10\",\"url\":\"https:\\\/\\\/consultorio.med.br\\\/?page_id=10\",\"name\":\"Servi\u00e7os - Consult\u00f3rio Sa\u00fade Feminina\",\"isPartOf\":{\"@id\":\"https:\\\/\\\/consultorio.med.br\\\/#website\"},\"primaryImageOfPage\":{\"@id\":\"https:\\\/\\\/consultorio.med.br\\\/?page_id=10#primaryimage\"},\"image\":{\"@id\":\"https:\\\/\\\/consultorio.med.br\\\/?page_id=10#primaryimage\"},\"thumbnailUrl\":\"https:\\\/\\\/consultorio.med.br\\\/wp-content\\\/themes\\\/exs\\\/assets\\\/img\\\/icon.png\",\"datePublished\":\"2024-04-12T00:12:05+00:00\",\"dateModified\":\"2026-04-22T01:32:14+00:00\",\"breadcrumb\":{\"@id\":\"https:\\\/\\\/consultorio.med.br\\\/?page_id=10#breadcrumb\"},\"inLanguage\":\"pt-BR\",\"potentialAction\":[{\"@type\":\"ReadAction\",\"target\":[\"https:\\\/\\\/consultorio.med.br\\\/?page_id=10\"]}]},{\"@type\":\"ImageObject\",\"inLanguage\":\"pt-BR\",\"@id\":\"https:\\\/\\\/consultorio.med.br\\\/?page_id=10#primaryimage\",\"url\":\"\",\"contentUrl\":\"\"},{\"@type\":\"BreadcrumbList\",\"@id\":\"https:\\\/\\\/consultorio.med.br\\\/?page_id=10#breadcrumb\",\"itemListElement\":[{\"@type\":\"ListItem\",\"position\":1,\"name\":\"In\u00edcio\",\"item\":\"https:\\\/\\\/consultorio.med.br\\\/\"},{\"@type\":\"ListItem\",\"position\":2,\"name\":\"Servi\u00e7os\"}]},{\"@type\":\"WebSite\",\"@id\":\"https:\\\/\\\/consultorio.med.br\\\/#website\",\"url\":\"https:\\\/\\\/consultorio.med.br\\\/\",\"name\":\"Consult\u00f3rio Sa\u00fade Feminina\",\"description\":\"Dr. Anderson Moura\",\"publisher\":{\"@id\":\"https:\\\/\\\/consultorio.med.br\\\/#organization\"},\"potentialAction\":[{\"@type\":\"SearchAction\",\"target\":{\"@type\":\"EntryPoint\",\"urlTemplate\":\"https:\\\/\\\/consultorio.med.br\\\/?s={search_term_string}\"},\"query-input\":{\"@type\":\"PropertyValueSpecification\",\"valueRequired\":true,\"valueName\":\"search_term_string\"}}],\"inLanguage\":\"pt-BR\"},{\"@type\":\"Organization\",\"@id\":\"https:\\\/\\\/consultorio.med.br\\\/#organization\",\"name\":\"Consult\u00f3rio Sa\u00fade Feminina\",\"url\":\"https:\\\/\\\/consultorio.med.br\\\/\",\"logo\":{\"@type\":\"ImageObject\",\"inLanguage\":\"pt-BR\",\"@id\":\"https:\\\/\\\/consultorio.med.br\\\/#\\\/schema\\\/logo\\\/image\\\/\",\"url\":\"https:\\\/\\\/consultorio.med.br\\\/wp-content\\\/uploads\\\/2024\\\/04\\\/cropped-cropped-logo_consultorio-1.png\",\"contentUrl\":\"https:\\\/\\\/consultorio.med.br\\\/wp-content\\\/uploads\\\/2024\\\/04\\\/cropped-cropped-logo_consultorio-1.png\",\"width\":1280,\"height\":375,\"caption\":\"Consult\u00f3rio Sa\u00fade Feminina\"},\"image\":{\"@id\":\"https:\\\/\\\/consultorio.med.br\\\/#\\\/schema\\\/logo\\\/image\\\/\"},\"sameAs\":[\"https:\\\/\\\/www.facebook.com\\\/Consultorioconceito\",\"https:\\\/\\\/www.youtube.com\\\/channel\\\/UC0UEFU_zlXa8v6XiLLA7cWA\",\"https:\\\/\\\/www.tiktok.com\\\/@saudefeminina_abc\",\"https:\\\/\\\/www.instagram.com\\\/saudefeminina_abc\\\/\"]}]}<\/script>\n<!-- \/ Yoast SEO plugin. -->","yoast_head_json":{"title":"Servi\u00e7os - Consult\u00f3rio Sa\u00fade Feminina","robots":{"index":"index","follow":"follow","max-snippet":"max-snippet:-1","max-image-preview":"max-image-preview:large","max-video-preview":"max-video-preview:-1"},"canonical":"https:\/\/consultorio.med.br\/?page_id=10","og_locale":"pt_BR","og_type":"article","og_title":"Servi\u00e7os - Consult\u00f3rio Sa\u00fade Feminina","og_description":"Sa\u00fade Feminina Viva plenamente Reprodu\u00e7\u00e3o Assistida A reprodu\u00e7\u00e3o assistida refere-se a uma s\u00e9rie de t\u00e9cnicas m\u00e9dicas e cient\u00edficas utilizadas para auxiliar casais ou indiv\u00edduos a conceberem uma crian\u00e7a quando eles t\u00eam dificuldades para engravidar de forma natural. Medicina Fetal A medicina fetal \u00e9 uma especialidade m\u00e9dica que se concentra no diagn\u00f3stico e tratamento de problemas de sa\u00fade que afetam o...","og_url":"https:\/\/consultorio.med.br\/?page_id=10","og_site_name":"Consult\u00f3rio Sa\u00fade Feminina","article_publisher":"https:\/\/www.facebook.com\/Consultorioconceito","article_modified_time":"2026-04-22T01:32:14+00:00","twitter_card":"summary_large_image","twitter_misc":{"Est. tempo de leitura":"4 minutos"},"schema":{"@context":"https:\/\/schema.org","@graph":[{"@type":"WebPage","@id":"https:\/\/consultorio.med.br\/?page_id=10","url":"https:\/\/consultorio.med.br\/?page_id=10","name":"Servi\u00e7os - Consult\u00f3rio Sa\u00fade Feminina","isPartOf":{"@id":"https:\/\/consultorio.med.br\/#website"},"primaryImageOfPage":{"@id":"https:\/\/consultorio.med.br\/?page_id=10#primaryimage"},"image":{"@id":"https:\/\/consultorio.med.br\/?page_id=10#primaryimage"},"thumbnailUrl":"https:\/\/consultorio.med.br\/wp-content\/themes\/exs\/assets\/img\/icon.png","datePublished":"2024-04-12T00:12:05+00:00","dateModified":"2026-04-22T01:32:14+00:00","breadcrumb":{"@id":"https:\/\/consultorio.med.br\/?page_id=10#breadcrumb"},"inLanguage":"pt-BR","potentialAction":[{"@type":"ReadAction","target":["https:\/\/consultorio.med.br\/?page_id=10"]}]},{"@type":"ImageObject","inLanguage":"pt-BR","@id":"https:\/\/consultorio.med.br\/?page_id=10#primaryimage","url":"","contentUrl":""},{"@type":"BreadcrumbList","@id":"https:\/\/consultorio.med.br\/?page_id=10#breadcrumb","itemListElement":[{"@type":"ListItem","position":1,"name":"In\u00edcio","item":"https:\/\/consultorio.med.br\/"},{"@type":"ListItem","position":2,"name":"Servi\u00e7os"}]},{"@type":"WebSite","@id":"https:\/\/consultorio.med.br\/#website","url":"https:\/\/consultorio.med.br\/","name":"Consult\u00f3rio Sa\u00fade Feminina","description":"Dr. Anderson Moura","publisher":{"@id":"https:\/\/consultorio.med.br\/#organization"},"potentialAction":[{"@type":"SearchAction","target":{"@type":"EntryPoint","urlTemplate":"https:\/\/consultorio.med.br\/?s={search_term_string}"},"query-input":{"@type":"PropertyValueSpecification","valueRequired":true,"valueName":"search_term_string"}}],"inLanguage":"pt-BR"},{"@type":"Organization","@id":"https:\/\/consultorio.med.br\/#organization","name":"Consult\u00f3rio Sa\u00fade Feminina","url":"https:\/\/consultorio.med.br\/","logo":{"@type":"ImageObject","inLanguage":"pt-BR","@id":"https:\/\/consultorio.med.br\/#\/schema\/logo\/image\/","url":"https:\/\/consultorio.med.br\/wp-content\/uploads\/2024\/04\/cropped-cropped-logo_consultorio-1.png","contentUrl":"https:\/\/consultorio.med.br\/wp-content\/uploads\/2024\/04\/cropped-cropped-logo_consultorio-1.png","width":1280,"height":375,"caption":"Consult\u00f3rio Sa\u00fade Feminina"},"image":{"@id":"https:\/\/consultorio.med.br\/#\/schema\/logo\/image\/"},"sameAs":["https:\/\/www.facebook.com\/Consultorioconceito","https:\/\/www.youtube.com\/channel\/UC0UEFU_zlXa8v6XiLLA7cWA","https:\/\/www.tiktok.com\/@saudefeminina_abc","https:\/\/www.instagram.com\/saudefeminina_abc\/"]}]}},"_links":{"self":[{"href":"https:\/\/consultorio.med.br\/index.php?rest_route=\/wp\/v2\/pages\/10","targetHints":{"allow":["GET"]}}],"collection":[{"href":"https:\/\/consultorio.med.br\/index.php?rest_route=\/wp\/v2\/pages"}],"about":[{"href":"https:\/\/consultorio.med.br\/index.php?rest_route=\/wp\/v2\/types\/page"}],"author":[{"embeddable":true,"href":"https:\/\/consultorio.med.br\/index.php?rest_route=\/wp\/v2\/users\/1"}],"replies":[{"embeddable":true,"href":"https:\/\/consultorio.med.br\/index.php?rest_route=%2Fwp%2Fv2%2Fcomments&post=10"}],"version-history":[{"count":11,"href":"https:\/\/consultorio.med.br\/index.php?rest_route=\/wp\/v2\/pages\/10\/revisions"}],"predecessor-version":[{"id":312,"href":"https:\/\/consultorio.med.br\/index.php?rest_route=\/wp\/v2\/pages\/10\/revisions\/312"}],"wp:attachment":[{"href":"https:\/\/consultorio.med.br\/index.php?rest_route=%2Fwp%2Fv2%2Fmedia&parent=10"}],"curies":[{"name":"wp","href":"https:\/\/api.w.org\/{rel}","templated":true}]}}