{"id":110,"date":"2024-04-16T21:09:07","date_gmt":"2024-04-17T00:09:07","guid":{"rendered":"https:\/\/consultorio.med.br\/?page_id=110"},"modified":"2024-04-17T19:31:01","modified_gmt":"2024-04-17T22:31:01","slug":"histeroscopia","status":"publish","type":"page","link":"https:\/\/consultorio.med.br\/?page_id=110","title":{"rendered":"Histeroscopia"},"content":{"rendered":"\n<p>A histeroscopia \u00e9 um procedimento m\u00e9dico utilizado para examinar o interior do \u00fatero. Durante a histeroscopia, um instrumento chamado histerosc\u00f3pio, que \u00e9 um tubo fino e flex\u00edvel com uma pequena c\u00e2mera na ponta, \u00e9 inserido atrav\u00e9s do colo do \u00fatero e avan\u00e7ado at\u00e9 a cavidade uterina. Isso permite que o m\u00e9dico visualize a parede interna do \u00fatero em busca de anormalidades, como p\u00f3lipos, miomas, ader\u00eancias, malforma\u00e7\u00f5es uterinas, entre outros.<\/p>\n\n\n\n<p>Al\u00e9m de ser uma ferramenta diagn\u00f3stica, a histeroscopia tamb\u00e9m pode ser terap\u00eautica. Durante o procedimento, o m\u00e9dico pode realizar interven\u00e7\u00f5es como a remo\u00e7\u00e3o de p\u00f3lipos ou miomas, tratamento de ader\u00eancias, dilata\u00e7\u00e3o de estenoses uterinas, entre outros.<\/p>\n\n\n\n<p>A histeroscopia \u00e9 frequentemente realizada como um procedimento ambulatorial e pode ser feita com anestesia local ou geral, dependendo da prefer\u00eancia do paciente e da extens\u00e3o do procedimento. \u00c9 uma t\u00e9cnica comumente utilizada na investiga\u00e7\u00e3o e tratamento de diversas condi\u00e7\u00f5es ginecol\u00f3gicas, como sangramento uterino anormal, infertilidade, abortos recorrentes, entre outros.<\/p>\n\n\n\n<figure class=\"wp-block-image size-full\"><img fetchpriority=\"high\" decoding=\"async\" width=\"609\" height=\"398\" src=\"https:\/\/consultorio.med.br\/wp-content\/uploads\/2024\/04\/histeroscopia-cirurgica-1-e1713312615638.jpg\" alt=\"\" class=\"wp-image-113\" srcset=\"https:\/\/consultorio.med.br\/wp-content\/uploads\/2024\/04\/histeroscopia-cirurgica-1-e1713312615638.jpg 609w, https:\/\/consultorio.med.br\/wp-content\/uploads\/2024\/04\/histeroscopia-cirurgica-1-e1713312615638-300x196.jpg 300w\" sizes=\"(max-width: 609px) 100vw, 609px\" \/><\/figure>\n\n\n\n<div class=\"wp-block-buttons is-layout-flex wp-block-buttons-is-layout-flex\">\n<div class=\"wp-block-button\"><a class=\"wp-block-button__link wp-element-button\" href=\"https:\/\/consultorio.med.br\">P\u00e1gina Principal<\/a><\/div>\n<\/div>\n","protected":false},"excerpt":{"rendered":"<p>A histeroscopia \u00e9 um procedimento m\u00e9dico utilizado para examinar o interior do \u00fatero. Durante a histeroscopia, um instrumento chamado histerosc\u00f3pio, que \u00e9 um tubo fino e flex\u00edvel com uma pequena c\u00e2mera na ponta, \u00e9 inserido atrav\u00e9s do colo do \u00fatero e avan\u00e7ado at\u00e9 a cavidade uterina. Isso permite que o m\u00e9dico visualize a parede interna do \u00fatero em busca de<span class=\"more-dots\">&#8230;<\/span><\/p>\n","protected":false},"author":1,"featured_media":0,"parent":0,"menu_order":0,"comment_status":"closed","ping_status":"closed","template":"","meta":{"footnotes":""},"class_list":["post-110","page","type-page","status-publish","hentry","no-post-thumbnail"],"_links":{"self":[{"href":"https:\/\/consultorio.med.br\/index.php?rest_route=\/wp\/v2\/pages\/110","targetHints":{"allow":["GET"]}}],"collection":[{"href":"https:\/\/consultorio.med.br\/index.php?rest_route=\/wp\/v2\/pages"}],"about":[{"href":"https:\/\/consultorio.med.br\/index.php?rest_route=\/wp\/v2\/types\/page"}],"author":[{"embeddable":true,"href":"https:\/\/consultorio.med.br\/index.php?rest_route=\/wp\/v2\/users\/1"}],"replies":[{"embeddable":true,"href":"https:\/\/consultorio.med.br\/index.php?rest_route=%2Fwp%2Fv2%2Fcomments&post=110"}],"version-history":[{"count":3,"href":"https:\/\/consultorio.med.br\/index.php?rest_route=\/wp\/v2\/pages\/110\/revisions"}],"predecessor-version":[{"id":136,"href":"https:\/\/consultorio.med.br\/index.php?rest_route=\/wp\/v2\/pages\/110\/revisions\/136"}],"wp:attachment":[{"href":"https:\/\/consultorio.med.br\/index.php?rest_route=%2Fwp%2Fv2%2Fmedia&parent=110"}],"curies":[{"name":"wp","href":"https:\/\/api.w.org\/{rel}","templated":true}]}}