{"id":117,"date":"2024-04-16T21:15:08","date_gmt":"2024-04-17T00:15:08","guid":{"rendered":"https:\/\/consultorio.med.br\/?page_id=117"},"modified":"2024-04-17T19:30:13","modified_gmt":"2024-04-17T22:30:13","slug":"ginecologia","status":"publish","type":"page","link":"https:\/\/consultorio.med.br\/?page_id=117","title":{"rendered":"Ginecologia"},"content":{"rendered":"\n<p>A ginecologia \u00e9 a especialidade m\u00e9dica que se dedica ao estudo, diagn\u00f3stico e tratamento das condi\u00e7\u00f5es relacionadas \u00e0 sa\u00fade reprodutiva feminina, especialmente aquelas relacionadas aos \u00f3rg\u00e3os genitais femininos, como \u00fatero, ov\u00e1rios, trompas de fal\u00f3pio, vagina e vulva. Os profissionais dessa \u00e1rea, chamados ginecologistas, s\u00e3o respons\u00e1veis por cuidar da sa\u00fade ginecol\u00f3gica das mulheres em todas as fases da vida, desde a adolesc\u00eancia at\u00e9 a menopausa e al\u00e9m.<\/p>\n\n\n\n<p>Os ginecologistas lidam com uma ampla gama de quest\u00f5es de sa\u00fade feminina, incluindo exames de rotina, contracep\u00e7\u00e3o, infertilidade, menopausa, sa\u00fade sexual, preven\u00e7\u00e3o e tratamento de infec\u00e7\u00f5es genitais, diagn\u00f3stico e tratamento de doen\u00e7as como endometriose, miomas uterinos, c\u00e2ncer ginecol\u00f3gico, entre outras.<\/p>\n\n\n\n<p>Al\u00e9m do aspecto cl\u00ednico, a ginecologia tamb\u00e9m abrange procedimentos cir\u00fargicos ginecol\u00f3gicos, como histerectomia (remo\u00e7\u00e3o do \u00fatero), cirurgia laparosc\u00f3pica, cirurgia vaginal e procedimentos minimamente invasivos.<\/p>\n\n\n\n<p>Em resumo, a ginecologia desempenha um papel fundamental na promo\u00e7\u00e3o da sa\u00fade reprodutiva e no bem-estar das mulheres, garantindo cuidados abrangentes e personalizados para as necessidades espec\u00edficas de cada paciente.<\/p>\n\n\n\n<figure class=\"wp-block-image size-full\"><img fetchpriority=\"high\" decoding=\"async\" width=\"901\" height=\"466\" src=\"https:\/\/consultorio.med.br\/wp-content\/uploads\/2024\/04\/ginecologia-htec.png\" alt=\"\" class=\"wp-image-118\" srcset=\"https:\/\/consultorio.med.br\/wp-content\/uploads\/2024\/04\/ginecologia-htec.png 901w, https:\/\/consultorio.med.br\/wp-content\/uploads\/2024\/04\/ginecologia-htec-300x155.png 300w, https:\/\/consultorio.med.br\/wp-content\/uploads\/2024\/04\/ginecologia-htec-768x397.png 768w\" sizes=\"(max-width: 901px) 100vw, 901px\" \/><\/figure>\n\n\n\n<div class=\"wp-block-buttons is-layout-flex wp-block-buttons-is-layout-flex\">\n<div class=\"wp-block-button\"><a class=\"wp-block-button__link wp-element-button\" href=\"https:\/\/consultorio.med.br\">P\u00e1gina Principal<\/a><\/div>\n<\/div>\n","protected":false},"excerpt":{"rendered":"<p>A ginecologia \u00e9 a especialidade m\u00e9dica que se dedica ao estudo, diagn\u00f3stico e tratamento das condi\u00e7\u00f5es relacionadas \u00e0 sa\u00fade reprodutiva feminina, especialmente aquelas relacionadas aos \u00f3rg\u00e3os genitais femininos, como \u00fatero, ov\u00e1rios, trompas de fal\u00f3pio, vagina e vulva. Os profissionais dessa \u00e1rea, chamados ginecologistas, s\u00e3o respons\u00e1veis por cuidar da sa\u00fade ginecol\u00f3gica das mulheres em todas as fases da vida, desde a<span class=\"more-dots\">&#8230;<\/span><\/p>\n","protected":false},"author":1,"featured_media":0,"parent":0,"menu_order":0,"comment_status":"closed","ping_status":"closed","template":"","meta":{"footnotes":""},"class_list":["post-117","page","type-page","status-publish","hentry","no-post-thumbnail"],"_links":{"self":[{"href":"https:\/\/consultorio.med.br\/index.php?rest_route=\/wp\/v2\/pages\/117","targetHints":{"allow":["GET"]}}],"collection":[{"href":"https:\/\/consultorio.med.br\/index.php?rest_route=\/wp\/v2\/pages"}],"about":[{"href":"https:\/\/consultorio.med.br\/index.php?rest_route=\/wp\/v2\/types\/page"}],"author":[{"embeddable":true,"href":"https:\/\/consultorio.med.br\/index.php?rest_route=\/wp\/v2\/users\/1"}],"replies":[{"embeddable":true,"href":"https:\/\/consultorio.med.br\/index.php?rest_route=%2Fwp%2Fv2%2Fcomments&post=117"}],"version-history":[{"count":2,"href":"https:\/\/consultorio.med.br\/index.php?rest_route=\/wp\/v2\/pages\/117\/revisions"}],"predecessor-version":[{"id":135,"href":"https:\/\/consultorio.med.br\/index.php?rest_route=\/wp\/v2\/pages\/117\/revisions\/135"}],"wp:attachment":[{"href":"https:\/\/consultorio.med.br\/index.php?rest_route=%2Fwp%2Fv2%2Fmedia&parent=117"}],"curies":[{"name":"wp","href":"https:\/\/api.w.org\/{rel}","templated":true}]}}