{"id":12,"date":"2024-04-11T21:12:05","date_gmt":"2024-04-12T00:12:05","guid":{"rendered":"https:\/\/consultorio.med.br\/?page_id=12"},"modified":"2026-04-20T00:43:36","modified_gmt":"2026-04-20T03:43:36","slug":"agendamento-dr-anderson-moura","status":"publish","type":"page","link":"https:\/\/consultorio.med.br\/?page_id=12","title":{"rendered":"Agendamento"},"content":{"rendered":"\n<p>Realize o seu Agendamento de forma pr\u00e1tica, r\u00e1pida e segura atrav\u00e9s da plataforma Doctoralia:<\/p>\n\n\n\n<p>Para agendar uma consulta com o Dr. Anderson Moura basta escolher o dia e hor\u00e1rio atrav\u00e9s do calend\u00e1rio disponibilizado abaixo:<\/p>\n\n\n\n<p>Perguntas como valor de consulta e outras quest\u00f5es sobre agendamento, voc\u00ea pode falar com o Bot Sa\u00fade Feminina que utiliza IA para responder a maioria das quest\u00f5es, basta clicar na nuvem cinza com 3 pontos que fica dispon\u00edvel em todas as p\u00e1ginas.<\/p>\n\n\n\n<a id=\"zl-url\" class=\"zl-url\" href=\"https:\/\/www.doctoralia.com.br\/anderson-aparecido-moura\/ginecologista\/santo-andre-sp\" rel=\"nofollow\" data-zlw-doctor=\"anderson-aparecido-moura\" data-zlw-type=\"big_with_calendar\" data-zlw-opinion=\"false\" data-zlw-hide-branding=\"true\" data-zlw-saas-only=\"true\">Anderson Aparecido Moura &#8211; Doctoralia.com.br<\/a><script>!function($_x,_s,id){var js,fjs=$_x.getElementsByTagName(_s)[0];if(!$_x.getElementById(id)){js = $_x.createElement(_s);js.id = id;js.src = \"\/\/platform.docplanner.com\/js\/widget.js\";fjs.parentNode.insertBefore(js,fjs);}}(document,\"script\",\"zl-widget-s\");<\/script>\n\n\n\n<div class=\"wp-block-buttons is-layout-flex wp-block-buttons-is-layout-flex\">\n<div class=\"wp-block-button\"><a class=\"wp-block-button__link wp-element-button\" href=\"https:\/\/consultorio.med.br\">P\u00e1gina Principal<\/a><\/div>\n<\/div>\n","protected":false},"excerpt":{"rendered":"<p>Realize o seu Agendamento de forma pr\u00e1tica, r\u00e1pida e segura atrav\u00e9s da plataforma Doctoralia: Para agendar uma consulta com o Dr. Anderson Moura basta escolher o dia e hor\u00e1rio atrav\u00e9s do calend\u00e1rio disponibilizado abaixo: Perguntas como valor de consulta e outras quest\u00f5es sobre agendamento, voc\u00ea pode falar com o Bot Sa\u00fade Feminina que utiliza IA para responder a maioria das<span class=\"more-dots\">&#8230;<\/span><\/p>\n","protected":false},"author":1,"featured_media":265,"parent":0,"menu_order":0,"comment_status":"closed","ping_status":"closed","template":"","meta":{"footnotes":""},"class_list":["post-12","page","type-page","status-publish","has-post-thumbnail","hentry"],"yoast_head":"<!-- This site is optimized with the Yoast SEO plugin v27.5 - https:\/\/yoast.com\/product\/yoast-seo-wordpress\/ -->\n<title>Agendamento - Consult\u00f3rio Sa\u00fade Feminina<\/title>\n<meta name=\"description\" content=\"Agendar Consulta | Consult\u00f3rio Sa\u00fade Feminina \u2013 Santo Andr\u00e9\" \/>\n<meta name=\"robots\" content=\"index, follow, max-snippet:-1, max-image-preview:large, max-video-preview:-1\" \/>\n<link rel=\"canonical\" href=\"https:\/\/consultorio.med.br\/?page_id=12\" \/>\n<meta property=\"og:locale\" content=\"pt_BR\" \/>\n<meta property=\"og:type\" content=\"article\" \/>\n<meta property=\"og:title\" content=\"Agendamento - Consult\u00f3rio Sa\u00fade Feminina\" \/>\n<meta property=\"og:description\" content=\"Agendar Consulta | Consult\u00f3rio Sa\u00fade Feminina \u2013 Santo Andr\u00e9\" \/>\n<meta property=\"og:url\" content=\"https:\/\/consultorio.med.br\/?page_id=12\" \/>\n<meta property=\"og:site_name\" content=\"Consult\u00f3rio Sa\u00fade Feminina\" \/>\n<meta property=\"article:publisher\" content=\"https:\/\/www.facebook.com\/Consultorioconceito\" \/>\n<meta property=\"article:modified_time\" content=\"2026-04-20T03:43:36+00:00\" \/>\n<meta property=\"og:image\" content=\"https:\/\/consultorio.med.br\/wp-content\/uploads\/2025\/10\/generated_image2.png\" \/>\n\t<meta property=\"og:image:width\" content=\"864\" \/>\n\t<meta property=\"og:image:height\" content=\"1184\" \/>\n\t<meta property=\"og:image:type\" content=\"image\/png\" \/>\n<meta name=\"twitter:card\" content=\"summary_large_image\" \/>\n<meta name=\"twitter:label1\" content=\"Est. tempo de leitura\" \/>\n\t<meta name=\"twitter:data1\" content=\"1 minuto\" \/>\n<script type=\"application\/ld+json\" class=\"yoast-schema-graph\">{\"@context\":\"https:\\\/\\\/schema.org\",\"@graph\":[{\"@type\":\"WebPage\",\"@id\":\"https:\\\/\\\/consultorio.med.br\\\/?page_id=12\",\"url\":\"https:\\\/\\\/consultorio.med.br\\\/?page_id=12\",\"name\":\"Agendamento - Consult\u00f3rio Sa\u00fade Feminina\",\"isPartOf\":{\"@id\":\"https:\\\/\\\/consultorio.med.br\\\/#website\"},\"primaryImageOfPage\":{\"@id\":\"https:\\\/\\\/consultorio.med.br\\\/?page_id=12#primaryimage\"},\"image\":{\"@id\":\"https:\\\/\\\/consultorio.med.br\\\/?page_id=12#primaryimage\"},\"thumbnailUrl\":\"https:\\\/\\\/consultorio.med.br\\\/wp-content\\\/uploads\\\/2025\\\/10\\\/generated_image2.png\",\"datePublished\":\"2024-04-12T00:12:05+00:00\",\"dateModified\":\"2026-04-20T03:43:36+00:00\",\"description\":\"Agendar Consulta | Consult\u00f3rio Sa\u00fade Feminina \u2013 Santo Andr\u00e9\",\"breadcrumb\":{\"@id\":\"https:\\\/\\\/consultorio.med.br\\\/?page_id=12#breadcrumb\"},\"inLanguage\":\"pt-BR\",\"potentialAction\":[{\"@type\":\"ReadAction\",\"target\":[\"https:\\\/\\\/consultorio.med.br\\\/?page_id=12\"]}]},{\"@type\":\"ImageObject\",\"inLanguage\":\"pt-BR\",\"@id\":\"https:\\\/\\\/consultorio.med.br\\\/?page_id=12#primaryimage\",\"url\":\"https:\\\/\\\/consultorio.med.br\\\/wp-content\\\/uploads\\\/2025\\\/10\\\/generated_image2.png\",\"contentUrl\":\"https:\\\/\\\/consultorio.med.br\\\/wp-content\\\/uploads\\\/2025\\\/10\\\/generated_image2.png\",\"width\":864,\"height\":1184},{\"@type\":\"BreadcrumbList\",\"@id\":\"https:\\\/\\\/consultorio.med.br\\\/?page_id=12#breadcrumb\",\"itemListElement\":[{\"@type\":\"ListItem\",\"position\":1,\"name\":\"In\u00edcio\",\"item\":\"https:\\\/\\\/consultorio.med.br\\\/\"},{\"@type\":\"ListItem\",\"position\":2,\"name\":\"Agendamento\"}]},{\"@type\":\"WebSite\",\"@id\":\"https:\\\/\\\/consultorio.med.br\\\/#website\",\"url\":\"https:\\\/\\\/consultorio.med.br\\\/\",\"name\":\"Consult\u00f3rio Sa\u00fade Feminina\",\"description\":\"Dr. Anderson Moura\",\"publisher\":{\"@id\":\"https:\\\/\\\/consultorio.med.br\\\/#organization\"},\"potentialAction\":[{\"@type\":\"SearchAction\",\"target\":{\"@type\":\"EntryPoint\",\"urlTemplate\":\"https:\\\/\\\/consultorio.med.br\\\/?s={search_term_string}\"},\"query-input\":{\"@type\":\"PropertyValueSpecification\",\"valueRequired\":true,\"valueName\":\"search_term_string\"}}],\"inLanguage\":\"pt-BR\"},{\"@type\":\"Organization\",\"@id\":\"https:\\\/\\\/consultorio.med.br\\\/#organization\",\"name\":\"Consult\u00f3rio Sa\u00fade Feminina\",\"url\":\"https:\\\/\\\/consultorio.med.br\\\/\",\"logo\":{\"@type\":\"ImageObject\",\"inLanguage\":\"pt-BR\",\"@id\":\"https:\\\/\\\/consultorio.med.br\\\/#\\\/schema\\\/logo\\\/image\\\/\",\"url\":\"https:\\\/\\\/consultorio.med.br\\\/wp-content\\\/uploads\\\/2024\\\/04\\\/cropped-cropped-logo_consultorio-1.png\",\"contentUrl\":\"https:\\\/\\\/consultorio.med.br\\\/wp-content\\\/uploads\\\/2024\\\/04\\\/cropped-cropped-logo_consultorio-1.png\",\"width\":1280,\"height\":375,\"caption\":\"Consult\u00f3rio Sa\u00fade Feminina\"},\"image\":{\"@id\":\"https:\\\/\\\/consultorio.med.br\\\/#\\\/schema\\\/logo\\\/image\\\/\"},\"sameAs\":[\"https:\\\/\\\/www.facebook.com\\\/Consultorioconceito\",\"https:\\\/\\\/www.youtube.com\\\/channel\\\/UC0UEFU_zlXa8v6XiLLA7cWA\",\"https:\\\/\\\/www.tiktok.com\\\/@saudefeminina_abc\",\"https:\\\/\\\/www.instagram.com\\\/saudefeminina_abc\\\/\"]}]}<\/script>\n<!-- \/ Yoast SEO plugin. -->","yoast_head_json":{"title":"Agendamento - Consult\u00f3rio Sa\u00fade Feminina","description":"Agendar Consulta | Consult\u00f3rio Sa\u00fade Feminina \u2013 Santo Andr\u00e9","robots":{"index":"index","follow":"follow","max-snippet":"max-snippet:-1","max-image-preview":"max-image-preview:large","max-video-preview":"max-video-preview:-1"},"canonical":"https:\/\/consultorio.med.br\/?page_id=12","og_locale":"pt_BR","og_type":"article","og_title":"Agendamento - Consult\u00f3rio Sa\u00fade Feminina","og_description":"Agendar Consulta | Consult\u00f3rio Sa\u00fade Feminina \u2013 Santo Andr\u00e9","og_url":"https:\/\/consultorio.med.br\/?page_id=12","og_site_name":"Consult\u00f3rio Sa\u00fade Feminina","article_publisher":"https:\/\/www.facebook.com\/Consultorioconceito","article_modified_time":"2026-04-20T03:43:36+00:00","og_image":[{"width":864,"height":1184,"url":"https:\/\/consultorio.med.br\/wp-content\/uploads\/2025\/10\/generated_image2.png","type":"image\/png"}],"twitter_card":"summary_large_image","twitter_misc":{"Est. tempo de leitura":"1 minuto"},"schema":{"@context":"https:\/\/schema.org","@graph":[{"@type":"WebPage","@id":"https:\/\/consultorio.med.br\/?page_id=12","url":"https:\/\/consultorio.med.br\/?page_id=12","name":"Agendamento - Consult\u00f3rio Sa\u00fade Feminina","isPartOf":{"@id":"https:\/\/consultorio.med.br\/#website"},"primaryImageOfPage":{"@id":"https:\/\/consultorio.med.br\/?page_id=12#primaryimage"},"image":{"@id":"https:\/\/consultorio.med.br\/?page_id=12#primaryimage"},"thumbnailUrl":"https:\/\/consultorio.med.br\/wp-content\/uploads\/2025\/10\/generated_image2.png","datePublished":"2024-04-12T00:12:05+00:00","dateModified":"2026-04-20T03:43:36+00:00","description":"Agendar Consulta | Consult\u00f3rio Sa\u00fade Feminina \u2013 Santo Andr\u00e9","breadcrumb":{"@id":"https:\/\/consultorio.med.br\/?page_id=12#breadcrumb"},"inLanguage":"pt-BR","potentialAction":[{"@type":"ReadAction","target":["https:\/\/consultorio.med.br\/?page_id=12"]}]},{"@type":"ImageObject","inLanguage":"pt-BR","@id":"https:\/\/consultorio.med.br\/?page_id=12#primaryimage","url":"https:\/\/consultorio.med.br\/wp-content\/uploads\/2025\/10\/generated_image2.png","contentUrl":"https:\/\/consultorio.med.br\/wp-content\/uploads\/2025\/10\/generated_image2.png","width":864,"height":1184},{"@type":"BreadcrumbList","@id":"https:\/\/consultorio.med.br\/?page_id=12#breadcrumb","itemListElement":[{"@type":"ListItem","position":1,"name":"In\u00edcio","item":"https:\/\/consultorio.med.br\/"},{"@type":"ListItem","position":2,"name":"Agendamento"}]},{"@type":"WebSite","@id":"https:\/\/consultorio.med.br\/#website","url":"https:\/\/consultorio.med.br\/","name":"Consult\u00f3rio Sa\u00fade Feminina","description":"Dr. Anderson Moura","publisher":{"@id":"https:\/\/consultorio.med.br\/#organization"},"potentialAction":[{"@type":"SearchAction","target":{"@type":"EntryPoint","urlTemplate":"https:\/\/consultorio.med.br\/?s={search_term_string}"},"query-input":{"@type":"PropertyValueSpecification","valueRequired":true,"valueName":"search_term_string"}}],"inLanguage":"pt-BR"},{"@type":"Organization","@id":"https:\/\/consultorio.med.br\/#organization","name":"Consult\u00f3rio Sa\u00fade Feminina","url":"https:\/\/consultorio.med.br\/","logo":{"@type":"ImageObject","inLanguage":"pt-BR","@id":"https:\/\/consultorio.med.br\/#\/schema\/logo\/image\/","url":"https:\/\/consultorio.med.br\/wp-content\/uploads\/2024\/04\/cropped-cropped-logo_consultorio-1.png","contentUrl":"https:\/\/consultorio.med.br\/wp-content\/uploads\/2024\/04\/cropped-cropped-logo_consultorio-1.png","width":1280,"height":375,"caption":"Consult\u00f3rio Sa\u00fade Feminina"},"image":{"@id":"https:\/\/consultorio.med.br\/#\/schema\/logo\/image\/"},"sameAs":["https:\/\/www.facebook.com\/Consultorioconceito","https:\/\/www.youtube.com\/channel\/UC0UEFU_zlXa8v6XiLLA7cWA","https:\/\/www.tiktok.com\/@saudefeminina_abc","https:\/\/www.instagram.com\/saudefeminina_abc\/"]}]}},"_links":{"self":[{"href":"https:\/\/consultorio.med.br\/index.php?rest_route=\/wp\/v2\/pages\/12","targetHints":{"allow":["GET"]}}],"collection":[{"href":"https:\/\/consultorio.med.br\/index.php?rest_route=\/wp\/v2\/pages"}],"about":[{"href":"https:\/\/consultorio.med.br\/index.php?rest_route=\/wp\/v2\/types\/page"}],"author":[{"embeddable":true,"href":"https:\/\/consultorio.med.br\/index.php?rest_route=\/wp\/v2\/users\/1"}],"replies":[{"embeddable":true,"href":"https:\/\/consultorio.med.br\/index.php?rest_route=%2Fwp%2Fv2%2Fcomments&post=12"}],"version-history":[{"count":5,"href":"https:\/\/consultorio.med.br\/index.php?rest_route=\/wp\/v2\/pages\/12\/revisions"}],"predecessor-version":[{"id":146,"href":"https:\/\/consultorio.med.br\/index.php?rest_route=\/wp\/v2\/pages\/12\/revisions\/146"}],"wp:featuredmedia":[{"embeddable":true,"href":"https:\/\/consultorio.med.br\/index.php?rest_route=\/wp\/v2\/media\/265"}],"wp:attachment":[{"href":"https:\/\/consultorio.med.br\/index.php?rest_route=%2Fwp%2Fv2%2Fmedia&parent=12"}],"curies":[{"name":"wp","href":"https:\/\/api.w.org\/{rel}","templated":true}]}}