{"id":121,"date":"2024-04-16T21:17:26","date_gmt":"2024-04-17T00:17:26","guid":{"rendered":"https:\/\/consultorio.med.br\/?page_id=121"},"modified":"2024-04-17T19:32:43","modified_gmt":"2024-04-17T22:32:43","slug":"obstetricia","status":"publish","type":"page","link":"https:\/\/consultorio.med.br\/?page_id=121","title":{"rendered":"Obstetr\u00edcia"},"content":{"rendered":"\n<p>A obstetr\u00edcia \u00e9 a especialidade m\u00e9dica dedicada \u00e0 sa\u00fade da mulher durante a gravidez, parto e p\u00f3s-parto. Os obstetras s\u00e3o respons\u00e1veis por cuidar da m\u00e3e e do feto durante todo o per\u00edodo gestacional, garantindo que a gravidez progrida de forma saud\u00e1vel e segura para ambos. Eles tamb\u00e9m s\u00e3o treinados para lidar com complica\u00e7\u00f5es que possam surgir durante a gesta\u00e7\u00e3o, o trabalho de parto e o parto em si.<\/p>\n\n\n\n<p>Os obstetras realizam exames pr\u00e9-natais regulares para monitorar a sa\u00fade da m\u00e3e e do feto, prescrevem vitaminas pr\u00e9-natais e medicamentos necess\u00e1rios, e fornecem aconselhamento sobre dieta, exerc\u00edcio e outras pr\u00e1ticas saud\u00e1veis durante a gravidez. Durante o trabalho de parto e o parto, os obstetras est\u00e3o presentes para fornecer assist\u00eancia m\u00e9dica e garantir um parto seguro para a m\u00e3e e o beb\u00ea.<\/p>\n\n\n\n<p>Al\u00e9m disso, os obstetras s\u00e3o treinados para lidar com complica\u00e7\u00f5es obst\u00e9tricas, como pr\u00e9-ecl\u00e2mpsia, hemorragias, parto prematuro e dist\u00f3cias (dificuldades durante o parto). Eles podem realizar partos vaginais normais, partos instrumentados (com o uso de f\u00f3rceps ou v\u00e1cuo) ou cesarianas, dependendo das circunst\u00e2ncias m\u00e9dicas e das prefer\u00eancias da m\u00e3e.<\/p>\n\n\n\n<p>Em resumo, a obstetr\u00edcia desempenha um papel crucial na sa\u00fade e seguran\u00e7a das mulheres gr\u00e1vidas e seus beb\u00eas, proporcionando cuidados m\u00e9dicos abrangentes ao longo do processo gestacional, desde a concep\u00e7\u00e3o at\u00e9 o p\u00f3s-parto.<\/p>\n\n\n\n<figure class=\"wp-block-image size-large is-style-rounded\"><img fetchpriority=\"high\" decoding=\"async\" width=\"826\" height=\"1024\" src=\"https:\/\/consultorio.med.br\/wp-content\/uploads\/2024\/04\/parto-tutu-1-826x1024.jpg\" alt=\"\" class=\"wp-image-122\" srcset=\"https:\/\/consultorio.med.br\/wp-content\/uploads\/2024\/04\/parto-tutu-1-826x1024.jpg 826w, https:\/\/consultorio.med.br\/wp-content\/uploads\/2024\/04\/parto-tutu-1-242x300.jpg 242w, https:\/\/consultorio.med.br\/wp-content\/uploads\/2024\/04\/parto-tutu-1-768x952.jpg 768w, https:\/\/consultorio.med.br\/wp-content\/uploads\/2024\/04\/parto-tutu-1-690x855.jpg 690w, https:\/\/consultorio.med.br\/wp-content\/uploads\/2024\/04\/parto-tutu-1.jpg 1033w\" sizes=\"(max-width: 826px) 100vw, 826px\" \/><\/figure>\n\n\n\n<div class=\"wp-block-buttons is-layout-flex wp-block-buttons-is-layout-flex\">\n<div class=\"wp-block-button\"><a class=\"wp-block-button__link wp-element-button\" href=\"https:\/\/consultorio.med.br\">P\u00e1gina Principal<\/a><\/div>\n<\/div>\n","protected":false},"excerpt":{"rendered":"<p>A obstetr\u00edcia \u00e9 a especialidade m\u00e9dica dedicada \u00e0 sa\u00fade da mulher durante a gravidez, parto e p\u00f3s-parto. Os obstetras s\u00e3o respons\u00e1veis por cuidar da m\u00e3e e do feto durante todo o per\u00edodo gestacional, garantindo que a gravidez progrida de forma saud\u00e1vel e segura para ambos. Eles tamb\u00e9m s\u00e3o treinados para lidar com complica\u00e7\u00f5es que possam surgir durante a gesta\u00e7\u00e3o, o<span class=\"more-dots\">&#8230;<\/span><\/p>\n","protected":false},"author":1,"featured_media":0,"parent":0,"menu_order":0,"comment_status":"closed","ping_status":"closed","template":"","meta":{"footnotes":""},"class_list":["post-121","page","type-page","status-publish","hentry","no-post-thumbnail"],"_links":{"self":[{"href":"https:\/\/consultorio.med.br\/index.php?rest_route=\/wp\/v2\/pages\/121","targetHints":{"allow":["GET"]}}],"collection":[{"href":"https:\/\/consultorio.med.br\/index.php?rest_route=\/wp\/v2\/pages"}],"about":[{"href":"https:\/\/consultorio.med.br\/index.php?rest_route=\/wp\/v2\/types\/page"}],"author":[{"embeddable":true,"href":"https:\/\/consultorio.med.br\/index.php?rest_route=\/wp\/v2\/users\/1"}],"replies":[{"embeddable":true,"href":"https:\/\/consultorio.med.br\/index.php?rest_route=%2Fwp%2Fv2%2Fcomments&post=121"}],"version-history":[{"count":2,"href":"https:\/\/consultorio.med.br\/index.php?rest_route=\/wp\/v2\/pages\/121\/revisions"}],"predecessor-version":[{"id":138,"href":"https:\/\/consultorio.med.br\/index.php?rest_route=\/wp\/v2\/pages\/121\/revisions\/138"}],"wp:attachment":[{"href":"https:\/\/consultorio.med.br\/index.php?rest_route=%2Fwp%2Fv2%2Fmedia&parent=121"}],"curies":[{"name":"wp","href":"https:\/\/api.w.org\/{rel}","templated":true}]}}