{"id":125,"date":"2024-04-16T21:20:27","date_gmt":"2024-04-17T00:20:27","guid":{"rendered":"https:\/\/consultorio.med.br\/?page_id=125"},"modified":"2024-04-17T19:39:10","modified_gmt":"2024-04-17T22:39:10","slug":"ultrassonografia","status":"publish","type":"page","link":"https:\/\/consultorio.med.br\/?page_id=125","title":{"rendered":"Ultrassonografia"},"content":{"rendered":"\n<p>A ultrassonografia, tamb\u00e9m conhecida como ultrassom, \u00e9 uma t\u00e9cnica de imagem m\u00e9dica que utiliza ondas sonoras de alta frequ\u00eancia para criar imagens em tempo real das estruturas internas do corpo. Durante o exame de ultrassom, um transdutor emite ondas sonoras para dentro do corpo, as quais s\u00e3o refletidas pelos tecidos internos. O transdutor capta essas ondas refletidas e as converte em imagens detalhadas que podem ser visualizadas em um monitor.<\/p>\n\n\n\n<p>A ultrassonografia \u00e9 amplamente utilizada em medicina para avaliar uma variedade de \u00f3rg\u00e3os e sistemas do corpo, incluindo \u00f3rg\u00e3os abdominais (como f\u00edgado, rins e ves\u00edcula biliar), sistema cardiovascular (como o cora\u00e7\u00e3o), sistema musculoesquel\u00e9tico (como m\u00fasculos e articula\u00e7\u00f5es), sistema nervoso (como o c\u00e9rebro e a medula espinhal) e, especialmente relevante para a obstetr\u00edcia e ginecologia, o sistema reprodutivo feminino durante a gravidez, para monitorar o desenvolvimento fetal e avaliar a sa\u00fade do \u00fatero e dos ov\u00e1rios.<\/p>\n\n\n\n<p>A ultrassonografia \u00e9 considerada segura e n\u00e3o invasiva, pois n\u00e3o envolve a exposi\u00e7\u00e3o \u00e0 radia\u00e7\u00e3o ionizante, como ocorre em exames de raio-X ou tomografia computadorizada. Ela \u00e9 frequentemente utilizada para diagn\u00f3stico, acompanhamento de tratamentos m\u00e9dicos e procedimentos guiados por imagem, devido \u00e0 sua capacidade de produzir imagens detalhadas em tempo real.<\/p>\n\n\n\n<figure class=\"wp-block-image size-large\"><img fetchpriority=\"high\" decoding=\"async\" width=\"1024\" height=\"682\" src=\"https:\/\/consultorio.med.br\/wp-content\/uploads\/2024\/04\/Captura-de-tela-2024-04-16-211330-1024x682.png\" alt=\"\" class=\"wp-image-126\" srcset=\"https:\/\/consultorio.med.br\/wp-content\/uploads\/2024\/04\/Captura-de-tela-2024-04-16-211330-1024x682.png 1024w, https:\/\/consultorio.med.br\/wp-content\/uploads\/2024\/04\/Captura-de-tela-2024-04-16-211330-300x200.png 300w, https:\/\/consultorio.med.br\/wp-content\/uploads\/2024\/04\/Captura-de-tela-2024-04-16-211330-768x512.png 768w, https:\/\/consultorio.med.br\/wp-content\/uploads\/2024\/04\/Captura-de-tela-2024-04-16-211330-1140x760.png 1140w, https:\/\/consultorio.med.br\/wp-content\/uploads\/2024\/04\/Captura-de-tela-2024-04-16-211330.png 1475w\" sizes=\"(max-width: 1024px) 100vw, 1024px\" \/><\/figure>\n\n\n\n<div class=\"wp-block-buttons is-layout-flex wp-block-buttons-is-layout-flex\">\n<div class=\"wp-block-button\"><a class=\"wp-block-button__link wp-element-button\" href=\"https:\/\/consultorio.med.br\">P\u00e1gina Principal<\/a><\/div>\n<\/div>\n","protected":false},"excerpt":{"rendered":"<p>A ultrassonografia, tamb\u00e9m conhecida como ultrassom, \u00e9 uma t\u00e9cnica de imagem m\u00e9dica que utiliza ondas sonoras de alta frequ\u00eancia para criar imagens em tempo real das estruturas internas do corpo. Durante o exame de ultrassom, um transdutor emite ondas sonoras para dentro do corpo, as quais s\u00e3o refletidas pelos tecidos internos. O transdutor capta essas ondas refletidas e as converte<span class=\"more-dots\">&#8230;<\/span><\/p>\n","protected":false},"author":1,"featured_media":0,"parent":0,"menu_order":0,"comment_status":"closed","ping_status":"closed","template":"","meta":{"footnotes":""},"class_list":["post-125","page","type-page","status-publish","hentry","no-post-thumbnail"],"_links":{"self":[{"href":"https:\/\/consultorio.med.br\/index.php?rest_route=\/wp\/v2\/pages\/125","targetHints":{"allow":["GET"]}}],"collection":[{"href":"https:\/\/consultorio.med.br\/index.php?rest_route=\/wp\/v2\/pages"}],"about":[{"href":"https:\/\/consultorio.med.br\/index.php?rest_route=\/wp\/v2\/types\/page"}],"author":[{"embeddable":true,"href":"https:\/\/consultorio.med.br\/index.php?rest_route=\/wp\/v2\/users\/1"}],"replies":[{"embeddable":true,"href":"https:\/\/consultorio.med.br\/index.php?rest_route=%2Fwp%2Fv2%2Fcomments&post=125"}],"version-history":[{"count":2,"href":"https:\/\/consultorio.med.br\/index.php?rest_route=\/wp\/v2\/pages\/125\/revisions"}],"predecessor-version":[{"id":142,"href":"https:\/\/consultorio.med.br\/index.php?rest_route=\/wp\/v2\/pages\/125\/revisions\/142"}],"wp:attachment":[{"href":"https:\/\/consultorio.med.br\/index.php?rest_route=%2Fwp%2Fv2%2Fmedia&parent=125"}],"curies":[{"name":"wp","href":"https:\/\/api.w.org\/{rel}","templated":true}]}}